{"id":234,"date":"2016-02-23T14:11:26","date_gmt":"2016-02-23T11:11:26","guid":{"rendered":"http:\/\/bridge2.qodeinteractive.com\/?page_id=234"},"modified":"2022-04-05T01:09:59","modified_gmt":"2022-04-04T22:09:59","slug":"clients","status":"publish","type":"page","link":"http:\/\/1e1consulting.com\/tr\/clients\/","title":{"rendered":"WHO WE SERVE?"},"content":{"rendered":"<p>[vc_row row_type=&#8221;row&#8221; use_row_as_full_screen_section=&#8221;no&#8221; type=&#8221;full_width&#8221; angled_section=&#8221;no&#8221; text_align=&#8221;left&#8221; background_image_as_pattern=&#8221;without_pattern&#8221; css_animation=&#8221;&#8221;][vc_column][vc_column_text]<\/p>\n<p style=\"text-align: center;\">You can choose from the following options according to the type of service you want to receive from us;<\/p>\n<ul>\n<li style=\"text-align: center;\"><a class=\"\" href=\"http:\/\/1e1consulting.com\/clients\/sapusercompanies\/\"><em><strong>SAP Kullan\u0131c\u0131s\u0131 Firmalar<\/strong><\/em><\/a><\/li>\n<li style=\"text-align: center;\"><em><strong><a class=\"\" href=\"http:\/\/1e1consulting.com\/clients\/sappartners\/\">SAP\u00a0 Partner Firmalar<\/a><\/strong><\/em><\/li>\n<li style=\"text-align: center;\"><em><strong><a class=\"\" href=\"http:\/\/1e1consulting.com\/clients\/sapconsultants\/\">SAP Uzmanlar\u0131<\/a><\/strong><\/em><\/li>\n<\/ul>\n<p>[\/vc_column_text][\/vc_column][\/vc_row][vc_row row_type=&#8221;parallax&#8221; parallax_content_width=&#8221;in_grid&#8221; text_align=&#8221;center&#8221; background_image=&#8221;78&#8243; full_screen_section_height=&#8221;no&#8221;][vc_column offset=&#8221;vc_col-lg-offset-2 vc_col-lg-8&#8243;][vc_separator type=&#8221;transparent&#8221; up=&#8221;142&#8243; down=&#8221;0&#8243;][vc_column_text]<\/p>\n<h2><span style=\"color: #ffffff;\">WHAT DO OUR CUSTOMERS SAY ABOUT US?<\/span><\/h2>\n<p>[\/vc_column_text][vc_separator type=&#8221;small&#8221; position=&#8221;center&#8221;]<div class='testimonials_holder clearfix light'><div class=\"testimonials testimonials_carousel\" data-show-navigation=\"yes\" data-animation-type=\"fade\" data-animation-speed=\"\" data-auto-rotate-slides=\"3\" data-number-per-slide=\"1\"><ul class=\"slides\"><li id=\"testimonials115\" class=\"testimonial_content\"><div class=\"testimonial_content_inner\"><div class=\"testimonial_text_holder\"><div class=\"testimonial_text_inner\" style=\"\"><p>1E1 Consulting has been the business partner we have been looking for with its fast actions, on-site evaluations, candidate selection and follow-up in all matters we need. Thanks 1E1.<\/p><p class=\"testimonial_author\" style=\"\">-Teoman \u00c7a\u011f\u0131r\u0131c\u0131, IT Manager , Mondi Group<\/p><\/div><\/div><\/div><\/li><li id=\"testimonials81\" class=\"testimonial_content\"><div class=\"testimonial_content_inner\"><div class=\"testimonial_text_holder\"><div class=\"testimonial_text_inner\" style=\"\"><p>Quality and corporate customers, wide service portfolio, standard invoicing routine, timely payment, optimized occupancy. Everything I expect from 1E1 Consulting is met.<\/p><p class=\"testimonial_author\" style=\"\">- Selim Yorulmaz , Freelancer ABAP Consultant<\/p><\/div><\/div><\/div><\/li><\/ul><\/div><\/div>[vc_separator type=&#8221;transparent&#8221; up=&#8221;141&#8243; down=&#8221;0&#8243;][\/vc_column][\/vc_row]<\/p>\n","protected":false},"excerpt":{"rendered":"<p>[vc_row row_type=&#8221;row&#8221; use_row_as_full_screen_section=&#8221;no&#8221; type=&#8221;full_width&#8221; angled_section=&#8221;no&#8221; text_align=&#8221;left&#8221; background_image_as_pattern=&#8221;without_pattern&#8221; css_animation=&#8221;&#8221;][vc_column][vc_column_text] You can choose from the following options according to the type of service you want to receive&#8230;<\/p>\n","protected":false},"author":1,"featured_media":0,"parent":0,"menu_order":0,"comment_status":"closed","ping_status":"closed","template":"full_width.php","meta":[],"_links":{"self":[{"href":"http:\/\/1e1consulting.com\/tr\/wp-json\/wp\/v2\/pages\/234"}],"collection":[{"href":"http:\/\/1e1consulting.com\/tr\/wp-json\/wp\/v2\/pages"}],"about":[{"href":"http:\/\/1e1consulting.com\/tr\/wp-json\/wp\/v2\/types\/page"}],"author":[{"embeddable":true,"href":"http:\/\/1e1consulting.com\/tr\/wp-json\/wp\/v2\/users\/1"}],"replies":[{"embeddable":true,"href":"http:\/\/1e1consulting.com\/tr\/wp-json\/wp\/v2\/comments?post=234"}],"version-history":[{"count":17,"href":"http:\/\/1e1consulting.com\/tr\/wp-json\/wp\/v2\/pages\/234\/revisions"}],"predecessor-version":[{"id":862,"href":"http:\/\/1e1consulting.com\/tr\/wp-json\/wp\/v2\/pages\/234\/revisions\/862"}],"wp:attachment":[{"href":"http:\/\/1e1consulting.com\/tr\/wp-json\/wp\/v2\/media?parent=234"}],"curies":[{"name":"wp","href":"https:\/\/api.w.org\/{rel}","templated":true}]}}