{"id":561,"date":"2016-04-27T20:53:45","date_gmt":"2016-04-27T17:53:45","guid":{"rendered":"http:\/\/1e1consulting.com\/?page_id=561"},"modified":"2022-04-05T01:15:02","modified_gmt":"2022-04-04T22:15:02","slug":"sappartners","status":"publish","type":"page","link":"http:\/\/1e1consulting.com\/tr\/clients\/sappartners\/","title":{"rendered":"SAP PARTNERS"},"content":{"rendered":"<p><strong>1E1 Consulting<\/strong> sekt\u00f6rdeki konumu gere\u011fi, SAP T\u00fcrkiye veya di\u011fer SAP Partnerleriyle ile organik hi\u00e7 bir ba\u011f\u0131 veya ortakl\u0131\u011f\u0131 olmamas\u0131 nedeniyle objektif bir alanda hizmet vermektedir. SAP Partnerleri de hizmet verdi\u011fi kurumlar aras\u0131ndad\u0131r. Gerek SAP Dan\u0131\u015fman\u0131 kadronuzu geni\u015fletirken, gerekse proje bazl\u0131 freelancer kaynak ihtiya\u00e7lar\u0131n\u0131z\u0131 g\u00fcvenilir bir i\u015f orta\u011f\u0131 ile kapatmak istedi\u011finizde sizlerle \u00e7al\u0131\u015fabiliriz.<\/p>\n<p>&nbsp;<\/p>\n<p>Ayn\u0131 zamanda network\u2019\u00fcm\u00fczde yer alan SAP Kullan\u0131c\u0131 Firmalarda yap\u0131lmas\u0131 planlanan SAP projelerinde de ortak bir \u00e7al\u0131\u015fma alan\u0131 yakalayabilece\u011fimiz f\u0131rsatlar olu\u015fmaktad\u0131r.<\/p>\n<p>&nbsp;<\/p>\n<p>Olas\u0131 i\u015f f\u0131rsatlar\u0131nda beraber hareket etmek i\u00e7in <strong>1E1 Consulting<\/strong>\u2018in se\u00e7kin SAP Partneri \u0130\u015f Ortaklar\u0131 aras\u0131na girmek istiyorsan\u0131z veya verdi\u011fimiz hizmetlerden herhangi birini almak istiyorsan\u0131z <a href=\"http:\/\/1e1consulting.com\/tr\/contact\/\">\u201c\u0130leti\u015fim\u201d<\/a> sayfas\u0131ndaki k\u0131sa formla kontak bilgilerinizi b\u0131rak\u0131n, en ge\u00e7 24 saat i\u00e7erisinde sizi arayal\u0131m.<\/p>\n","protected":false},"excerpt":{"rendered":"<p>1E1 Consulting sekt\u00f6rdeki konumu gere\u011fi, SAP T\u00fcrkiye veya di\u011fer SAP Partnerleriyle ile organik hi\u00e7 bir ba\u011f\u0131 veya ortakl\u0131\u011f\u0131 olmamas\u0131 nedeniyle objektif bir alanda hizmet vermektedir&#8230;.<\/p>\n","protected":false},"author":1,"featured_media":0,"parent":234,"menu_order":0,"comment_status":"closed","ping_status":"closed","template":"","meta":[],"_links":{"self":[{"href":"http:\/\/1e1consulting.com\/tr\/wp-json\/wp\/v2\/pages\/561"}],"collection":[{"href":"http:\/\/1e1consulting.com\/tr\/wp-json\/wp\/v2\/pages"}],"about":[{"href":"http:\/\/1e1consulting.com\/tr\/wp-json\/wp\/v2\/types\/page"}],"author":[{"embeddable":true,"href":"http:\/\/1e1consulting.com\/tr\/wp-json\/wp\/v2\/users\/1"}],"replies":[{"embeddable":true,"href":"http:\/\/1e1consulting.com\/tr\/wp-json\/wp\/v2\/comments?post=561"}],"version-history":[{"count":7,"href":"http:\/\/1e1consulting.com\/tr\/wp-json\/wp\/v2\/pages\/561\/revisions"}],"predecessor-version":[{"id":864,"href":"http:\/\/1e1consulting.com\/tr\/wp-json\/wp\/v2\/pages\/561\/revisions\/864"}],"up":[{"embeddable":true,"href":"http:\/\/1e1consulting.com\/tr\/wp-json\/wp\/v2\/pages\/234"}],"wp:attachment":[{"href":"http:\/\/1e1consulting.com\/tr\/wp-json\/wp\/v2\/media?parent=561"}],"curies":[{"name":"wp","href":"https:\/\/api.w.org\/{rel}","templated":true}]}}