{"id":564,"date":"2016-04-27T20:56:32","date_gmt":"2016-04-27T17:56:32","guid":{"rendered":"http:\/\/1e1consulting.com\/?page_id=564"},"modified":"2022-04-05T01:15:18","modified_gmt":"2022-04-04T22:15:18","slug":"sapconsultants","status":"publish","type":"page","link":"http:\/\/1e1consulting.com\/tr\/clients\/sapconsultants\/","title":{"rendered":"SAP EXPERTS"},"content":{"rendered":"<p><strong>1E1 Consulting<\/strong>\u2019in g\u00fcc\u00fc, IT\/SAP ekosistemindeki 15 senenin \u00fczerinde tecr\u00fcbeli uzmanlar\u0131ndan gelmektedir. Bu uzun senelerde, firmalar\u0131n IT Y\u00f6neticileri, CIO\u2019lar, CTO\u2019lar, SAP\/ERP Manager\u2019lar \u015funu farkettiler ki, <strong>1E1 Consulting<\/strong> onlar\u0131n t\u00fcm ihtiya\u00e7 noktalar\u0131n\u0131 kapayacak uzmanlarla kendilerinin bir bulu\u015fma noktas\u0131.<\/p>\n<p>Bize SAP Kullan\u0131c\u0131s\u0131 firmalardan gelen kaynak ihtiya\u00e7lar\u0131n sizin gibi SAP uzmanlar\u0131na uygunlu\u011funu se\u00e7ebilmek en rahat yapt\u0131\u011f\u0131m\u0131z i\u015f. \u0130ster freelancer olun, ister kadrolu pozisyonlar i\u00e7in aray\u0131\u015fta olun, i\u015f f\u0131rsatlar\u0131n\u0131n kariyer sitelerindeki ilanlarla y\u00f6netilmedi\u011fi bir IT\/SAP Ekosistemindeyiz. B\u00f6yle olunca <strong>1E1 Consulting<\/strong>\u2019in bu birle\u015ftirici \u00f6zelli\u011fi daha de\u011ferli olmakta, i\u015fveren ile \u00e7al\u0131\u015fan\u0131 en do\u011fru form\u00fclde bir araya getirmenin \u00f6nc\u00fcl\u00fc\u011f\u00fcn\u00fc yapmaktay\u0131z. T\u00fcrkiye\u2019nin en b\u00fcy\u00fck firmalar\u0131 bizimle \u00e7al\u0131\u015f\u0131yorsa bir bildikleri vard\u0131r.<\/p>\n<p>Gizlili\u011fin esas oldu\u011fu <strong>1E1 Consulting<\/strong>, dar bir ekosistemde en g\u00fcvenilir \u015fekilde i\u015f aray\u0131\u015f\u0131nda olman\u0131z\u0131 sa\u011flar. \u00c7\u00fcnk\u00fc sizin i\u015finiz, bizim de g\u00f6revimiz.<\/p>\n<p>Ne zaman i\u015f veya proje arayaca\u011f\u0131n\u0131z belli olmaz. Akl\u0131n\u0131z\u0131n bir yerinde <strong>1E1 Consulting<\/strong> ismi hep olsun, g\u00fcn\u00fcn birinde muhakkak bir araya gelebilece\u011finiz ve g\u00fcvenebilece\u011finiz bir i\u015fe al\u0131m uzman\u0131m\u0131z muhakkak olacakt\u0131r. Madem siz en iyisiniz, o halde en iyilerle \u00e7al\u0131\u015fmal\u0131s\u0131n\u0131z.<\/p>\n<p>Kendi i\u015finizi yapmaya, kendinizin patronu olmaya karar verdi\u011finizde de, yani \u201cFREELANCER\u201dolaca\u011f\u0131n\u0131z zaman da, <strong>1E1 Consulting<\/strong> yan\u0131n\u0131zda. Ve blog sayfam\u0131zdaki <a href=\"http:\/\/1e1consulting.com\/tr\/blog3\/\">\u201cNeden Freelancer Olunur?\u201d<\/a> yaz\u0131m\u0131z\u0131 da muhakkak okuyun.<\/p>\n<p>&nbsp;<\/p>\n<p>2 sene ile 15 sene aras\u0131nda tecr\u00fcbeye sahip portf\u00f6y\u00fcm\u00fczde bulunan y\u00fczlerce freelancer dan\u0131\u015fmandan biri olmak i\u00e7in <a href=\"http:\/\/1e1consulting.com\/tr\/contact\/\">\u201c\u0130leti\u015fim\u201d<\/a> sayfas\u0131ndan bize ula\u015fmay\u0131 unutmay\u0131n.<\/p>\n","protected":false},"excerpt":{"rendered":"<p>1E1 Consulting\u2019in g\u00fcc\u00fc, IT\/SAP ekosistemindeki 15 senenin \u00fczerinde tecr\u00fcbeli uzmanlar\u0131ndan gelmektedir. Bu uzun senelerde, firmalar\u0131n IT Y\u00f6neticileri, CIO\u2019lar, CTO\u2019lar, SAP\/ERP Manager\u2019lar \u015funu farkettiler ki, 1E1&#8230;<\/p>\n","protected":false},"author":1,"featured_media":0,"parent":234,"menu_order":0,"comment_status":"closed","ping_status":"closed","template":"","meta":[],"_links":{"self":[{"href":"http:\/\/1e1consulting.com\/tr\/wp-json\/wp\/v2\/pages\/564"}],"collection":[{"href":"http:\/\/1e1consulting.com\/tr\/wp-json\/wp\/v2\/pages"}],"about":[{"href":"http:\/\/1e1consulting.com\/tr\/wp-json\/wp\/v2\/types\/page"}],"author":[{"embeddable":true,"href":"http:\/\/1e1consulting.com\/tr\/wp-json\/wp\/v2\/users\/1"}],"replies":[{"embeddable":true,"href":"http:\/\/1e1consulting.com\/tr\/wp-json\/wp\/v2\/comments?post=564"}],"version-history":[{"count":6,"href":"http:\/\/1e1consulting.com\/tr\/wp-json\/wp\/v2\/pages\/564\/revisions"}],"predecessor-version":[{"id":865,"href":"http:\/\/1e1consulting.com\/tr\/wp-json\/wp\/v2\/pages\/564\/revisions\/865"}],"up":[{"embeddable":true,"href":"http:\/\/1e1consulting.com\/tr\/wp-json\/wp\/v2\/pages\/234"}],"wp:attachment":[{"href":"http:\/\/1e1consulting.com\/tr\/wp-json\/wp\/v2\/media?parent=564"}],"curies":[{"name":"wp","href":"https:\/\/api.w.org\/{rel}","templated":true}]}}